{"id":827,"date":"2021-03-16T22:47:31","date_gmt":"2021-03-16T22:47:31","guid":{"rendered":"https:\/\/sexisdc.org\/?page_id=827"},"modified":"2021-03-16T22:52:48","modified_gmt":"2021-03-16T22:52:48","slug":"order-free-condoms","status":"publish","type":"page","link":"https:\/\/sexisdc.org\/es\/order-free-condoms\/","title":{"rendered":"Order Free Condoms"},"content":{"rendered":"<h3>\u00bfD\u00f3nde puedo conseguirlos?<\/h3>\n<p>Si vives en el DC, DC Health te enviar\u00e1 condones por correo a tu hogar de forma gratuita. No te preocupes, estos ser\u00e1n enviados por correo en un sobre sin marcar. <a href=\"https:\/\/sexisdc.org\/freecondoms\/\">S\u00f3lo tienes que rellenar el siguiente formulario<\/a>. Condones masculinos (condones externos), femeninos (condones internos), lubricante, \u00a1los tenemos todos! Y recuerda, los condones de tama\u00f1o normal te quedar\u00e1n perfectos; no dejes que nadie te convenza de lo contrario.<\/p>\n","protected":false},"excerpt":{"rendered":"<p>\u00bfD\u00f3nde puedo conseguirlos? Si vives en el DC, DC Health te enviar\u00e1 condones por correo a tu hogar de forma gratuita. No te preocupes, estos ser\u00e1n enviados por correo en un sobre sin marcar. S\u00f3lo tienes que rellenar el siguiente formulario. Condones masculinos (condones externos), femeninos (condones internos), lubricante, \u00a1los tenemos todos! Y recuerda, los [&hellip;]<\/p>\n","protected":false},"author":1,"featured_media":0,"parent":0,"menu_order":0,"comment_status":"closed","ping_status":"closed","template":"","meta":{"footnotes":""},"class_list":["post-827","page","type-page","status-publish","hentry"],"_links":{"self":[{"href":"https:\/\/sexisdc.org\/es\/wp-json\/wp\/v2\/pages\/827","targetHints":{"allow":["GET"]}}],"collection":[{"href":"https:\/\/sexisdc.org\/es\/wp-json\/wp\/v2\/pages"}],"about":[{"href":"https:\/\/sexisdc.org\/es\/wp-json\/wp\/v2\/types\/page"}],"author":[{"embeddable":true,"href":"https:\/\/sexisdc.org\/es\/wp-json\/wp\/v2\/users\/1"}],"replies":[{"embeddable":true,"href":"https:\/\/sexisdc.org\/es\/wp-json\/wp\/v2\/comments?post=827"}],"version-history":[{"count":0,"href":"https:\/\/sexisdc.org\/es\/wp-json\/wp\/v2\/pages\/827\/revisions"}],"wp:attachment":[{"href":"https:\/\/sexisdc.org\/es\/wp-json\/wp\/v2\/media?parent=827"}],"curies":[{"name":"wp","href":"https:\/\/api.w.org\/{rel}","templated":true}]}}