{"id":818,"date":"2021-03-16T22:24:37","date_gmt":"2021-03-16T22:24:37","guid":{"rendered":"https:\/\/sexisdc.org\/?page_id=818"},"modified":"2021-12-02T06:51:16","modified_gmt":"2021-12-02T06:51:16","slug":"trusted-adults","status":"publish","type":"page","link":"https:\/\/sexisdc.org\/es\/trusted-adults\/","title":{"rendered":"Adulto de Confianza"},"content":{"rendered":"<h3>\u00bfQui\u00e9n es un adulto de confianza?<\/h3>\n<p>Las conversaciones sobre sexualidad, sexo y salud sexual \u00a0pueden ser dif\u00edciles, \u00a0o resultar extra\u00f1as e inc\u00f3modas. Es importante para los j\u00f3venes, tener una persona de confianza para hablar de estos temas. Tener acceso a la informaci\u00f3n y al apoyo que necesitan los ayudar\u00e1 a tomar mejores decisiones sobre su salud integral.<\/p>\n<p>Los adultos de confianza son importantes porque fomentan una actitud abierta que reconoce \u00a0el sexo y la sexualidad como parte de la vida.<\/p>\n<p>La Sexualidad Positiva es una forma de pensar y sentir que refuerza la felicidad y la energ\u00eda que existen en la sexualidad como parte de la vida y de nuestro bienestar integral. La Sexualidad Positiva tiene como objetivo alcanzar experiencias ideales, entre ellas el placer; tambi\u00e9n reconoce que las relaciones sexuales pueden implicar riesgos f\u00edsicos y emocionales.<\/p>\n<p>Madre\/Padre o ADULTO DE CONFIANZA es una persona que:<\/p>\n<p>1 APRENDE: sin importar que la conversaci\u00f3n pueda ser inc\u00f3moda, sabe que es muy importante y busca informaci\u00f3n adecuada para entender el tema y poder tener buenas conversaciones.<\/p>\n<p>2 ESCUCHA: usa un lenguaje corporal sutil para que los ni\u00f1os y j\u00f3venes sepan que les escuchan y les respetan.<\/p>\n<p>3 COMPRENDE: sabe que el bienestar de los j\u00f3venes es lo m\u00e1s importante para su \u00e9xito integral.<\/p>\n<p>4 CONVERSA: muestra una actitud positiva, entiende el tema y transmite confianza.<\/p>\n<p>\u00bfEres un adulto de confianza que necesita ayuda con las conversaciones sobre sexo? \u00bfO eres un joven que busca formas de ayudar a sus padres, abuelos, t\u00edos, hermanos mayores, docentes, entrenadores o consejeros a \u00abromper el hielo\u00bb?<\/p>\n<p><a href=\"https:\/\/sexisdc.org\/wp-content\/uploads\/2020\/09\/DOH-SPA-Discussion-Guide-1.1-A2.pdf\">Descarga la Gu\u00eda de discusi\u00f3n para adultos de confianza aqu\u00ed.<\/a> Empieza las conversaciones hoy mismo.<\/p>\n<p><iframe loading=\"lazy\" title=\"Sexo Es... DC :30\" width=\"640\" height=\"360\" src=\"https:\/\/www.youtube.com\/embed\/85LzhLKmb6U?feature=oembed\" frameborder=\"0\" allow=\"accelerometer; autoplay; clipboard-write; encrypted-media; gyroscope; picture-in-picture; web-share\" referrerpolicy=\"strict-origin-when-cross-origin\" allowfullscreen><\/iframe><\/p>\n<p>&nbsp;<\/p>\n<h3>Otros recursos \u00fatiles:<\/h3>\n<p>Positivismo Sexual<br \/>\n<a href=\"https:\/\/bienestardc.org\/tu-bienestar\/sexo-positivo\/\">https:\/\/bienestardc.org\/tu-bienestar\/sexo-positivo\/<\/a><\/p>\n<p>Videos apropiados para la edad sobre el sexo, el cuerpo y las relaciones<br \/>\n<a href=\"http:\/\/www.Amaze.org\">www.Amaze.org<\/a><\/p>\n<p>Trata de personas<br \/>\n<a href=\"https:\/\/humantraffickinghotline.org\/obtenga-ayuda\">https:\/\/humantraffickinghotline.org\/obtenga-ayuda<\/a><\/p>\n<p>M\u00e9todos anticonceptivos<br \/>\n<a href=\"https:\/\/www.plannedparenthood.org\/es\">https:\/\/www.plannedparenthood.org\/es<\/a><\/p>\n<p>Red Nacional de Prevenci\u00f3n del Suicidio<br \/>\n<a href=\"https:\/\/suicidepreventionlifeline.org\/help-yourself\/en-espanol\/\">https:\/\/suicidepreventionlifeline.org\/help-yourself\/en-espanol\/<\/a><\/p>\n<p>&nbsp;<\/p>\n","protected":false},"excerpt":{"rendered":"<p>\u00bfQui\u00e9n es un adulto de confianza? Las conversaciones sobre sexualidad, sexo y salud sexual \u00a0pueden ser dif\u00edciles, \u00a0o resultar extra\u00f1as e inc\u00f3modas. Es importante para los j\u00f3venes, tener una persona de confianza para hablar de estos temas. Tener acceso a la informaci\u00f3n y al apoyo que necesitan los ayudar\u00e1 a tomar mejores decisiones sobre su [&hellip;]<\/p>\n","protected":false},"author":1,"featured_media":0,"parent":0,"menu_order":0,"comment_status":"closed","ping_status":"closed","template":"","meta":{"footnotes":""},"class_list":["post-818","page","type-page","status-publish","hentry"],"_links":{"self":[{"href":"https:\/\/sexisdc.org\/es\/wp-json\/wp\/v2\/pages\/818","targetHints":{"allow":["GET"]}}],"collection":[{"href":"https:\/\/sexisdc.org\/es\/wp-json\/wp\/v2\/pages"}],"about":[{"href":"https:\/\/sexisdc.org\/es\/wp-json\/wp\/v2\/types\/page"}],"author":[{"embeddable":true,"href":"https:\/\/sexisdc.org\/es\/wp-json\/wp\/v2\/users\/1"}],"replies":[{"embeddable":true,"href":"https:\/\/sexisdc.org\/es\/wp-json\/wp\/v2\/comments?post=818"}],"version-history":[{"count":0,"href":"https:\/\/sexisdc.org\/es\/wp-json\/wp\/v2\/pages\/818\/revisions"}],"wp:attachment":[{"href":"https:\/\/sexisdc.org\/es\/wp-json\/wp\/v2\/media?parent=818"}],"curies":[{"name":"wp","href":"https:\/\/api.w.org\/{rel}","templated":true}]}}