{"id":814,"date":"2021-03-16T22:10:35","date_gmt":"2021-03-16T22:10:35","guid":{"rendered":"https:\/\/sexisdc.org\/?page_id=814"},"modified":"2021-05-18T13:48:41","modified_gmt":"2021-05-18T13:48:41","slug":"condoms","status":"publish","type":"page","link":"https:\/\/sexisdc.org\/es\/condoms\/","title":{"rendered":"Condones"},"content":{"rendered":"<h3>\u00bfPor qu\u00e9 usar condones?<\/h3>\n<p>Sombrero. Gorrito. Globo. Jebe. Protecci\u00f3n.<\/p>\n<p>Como sea que los llames, los condones son esenciales para tu bienestar sexual. Usar un cond\u00f3n cada vez que tienes sexo ha demostrado tener un 98% de eficacia en la reducci\u00f3n del riesgo de embarazo y de contraer VIH y ITS.<\/p>\n<p>Hay dos tipos de condones, los externos, y los internos. Mira los siguientes videos para aprender a pon\u00e9rtelos correctamente.<\/p>\n<p><a href=\"https:\/\/www.youtube.com\/watch?v=srgbUvX5pKk\">C\u00f3mo usar bien el cond\u00f3n &#8211; YouTube<\/a><\/p>\n<p><a class=\"\" href=\"https:\/\/www.youtube.com\/watch?v=FJI6K7JIEic\">Cond\u00f3n Femenino \u00bfC\u00f3mo se usa? &#8211; YouTube<\/a><\/p>\n<p>Es cierto que hay que acostumbrarse a los condones, pero la incomodidad moment\u00e1nea no pesa m\u00e1s que tu bienestar sexual. Hay muchos tipos de condones que <a href=\"https:\/\/www.promescent.com\/es\/blogs\/learn\/different-types-of-condoms\">puedes conocer aqu\u00ed<\/a>.<\/p>\n<p>&nbsp;<\/p>\n<h3>\u00bfQu\u00e9 es el lubricante y por qu\u00e9 lo necesito?<\/h3>\n<p>El lubricante es un gel, l\u00edquido o crema que ayuda a disminuir la fricci\u00f3n durante el sexo. El lubricante no solo puede hacer el sexo m\u00e1s placentero, utilizarlo cuando usas condones tambi\u00e9n aumenta la protecci\u00f3n. Utilizar el tipo de lubricante adecuado evita que el cond\u00f3n se rompa, o que la piel sensible del interior de la vagina o del ano se lastime o se desgarre, lo que podr\u00eda aumentar la propensi\u00f3n a las enfermedades. Los lubricantes a base de agua o silicona son seguros para usar con condones de l\u00e1tex. Los lubricantes a base de aceite pueden hacer que los condones se rompan, lo cual te pone a ti y a tu pareja en riesgo de embarazo o de contraer una ETS. Nunca uses vaselina, lociones o aceite de cocina como lubricantes.<\/p>\n<p>&nbsp;<\/p>\n<h3>\u00bfC\u00f3mo hablo con mi pareja sexual sobre el uso de condones?<\/h3>\n<p>En el esfuerzo por conseguir un bienestar sexual saludable, debes hacer siempre lo mejor para ti, para tu cuerpo y para tu pareja. El uso de condones demuestra que t\u00fa y tu pareja est\u00e1n tomando las precauciones adecuadas para tener una vida sexual saludable y que se preocupan por su bienestar mutuo. Habla sin rodeos antes de que las cosas avancen. Explica lo importante que es para ti y que los l\u00edmites que estableces no son negociables.<\/p>\n<p>A veces puede surgir el tema de la confianza, y tal vez tu pareja te pregunte algo como \u00ab\u00bfpor qu\u00e9 tenemos que usar condones si confiamos el uno en el otro?\u00bb Recu\u00e9rdale que usar condones no es una cuesti\u00f3n de confianza, sino de protecci\u00f3n. Sugerir el uso de condones no significa que pienses que alguno de los dos tiene una infecci\u00f3n, sino que su uso les dar\u00e1 a ambos la tranquilidad de saber que practicaron sexo seguro. Para m\u00e1s informaci\u00f3n sobre como iniciar la conversaci\u00f3n visita \u00a0<a href=\"https:\/\/kidshealth.org\/es\/teens\/talk-about-condoms-esp.html\">https:\/\/kidshealth.org\/es\/teens\/talk-about-condoms-esp.html<\/a><\/p>\n<p><strong>\u00a0<\/strong><\/p>\n<h3>\u00bfD\u00f3nde puedo conseguirlos?<\/h3>\n<p>Si vives en Washington DC, \u00a1DC Health te enviar\u00e1 condones gratis por correo! No te preocupes, se te enviar\u00e1n en un sobre sin etiqueta. Solo tienes que completar este formulario: <a href=\"https:\/\/sexisdc.org\/freecondoms\/\">Condones gratis \u2013 SEXO ES\u2026 (sexisdc.org)<\/a><\/p>\n<p>Condones, lubricantes\u2026 \u00a1Lo tenemos todo! Y recuerda, los condones de tama\u00f1o regular se adaptar\u00e1n perfectamente&#8230; no permitas que nadie te diga lo contrario.<\/p>\n<p><strong>\u00a0<\/strong><\/p>\n<h3>\u00bfC\u00f3mo me convierto en un Wrap MC?<\/h3>\n<p>Wrap MC es un programa de DC Health que certifica a los j\u00f3venes y adultos de confianza para que sean fuentes fiables de informaci\u00f3n sobre salud sexual y condones en las escuelas secundarias p\u00fablicas de Washington, DC. \u00bfEst\u00e1s listo para empezar? Para saber m\u00e1s y certificarte, haz clic aqu\u00ed: <a href=\"https:\/\/sexisdc.org\/how-do-i-become-a-wrap-mc\/\">https:\/\/sexisdc.org\/how-do-i-become-a-wrap-mc\/<\/a>.<\/p>\n","protected":false},"excerpt":{"rendered":"<p>\u00bfPor qu\u00e9 usar condones? Sombrero. Gorrito. Globo. Jebe. Protecci\u00f3n. Como sea que los llames, los condones son esenciales para tu bienestar sexual. Usar un cond\u00f3n cada vez que tienes sexo ha demostrado tener un 98% de eficacia en la reducci\u00f3n del riesgo de embarazo y de contraer VIH y ITS. Hay dos tipos de condones, [&hellip;]<\/p>\n","protected":false},"author":1,"featured_media":0,"parent":0,"menu_order":0,"comment_status":"closed","ping_status":"closed","template":"","meta":{"footnotes":""},"class_list":["post-814","page","type-page","status-publish","hentry"],"_links":{"self":[{"href":"https:\/\/sexisdc.org\/es\/wp-json\/wp\/v2\/pages\/814","targetHints":{"allow":["GET"]}}],"collection":[{"href":"https:\/\/sexisdc.org\/es\/wp-json\/wp\/v2\/pages"}],"about":[{"href":"https:\/\/sexisdc.org\/es\/wp-json\/wp\/v2\/types\/page"}],"author":[{"embeddable":true,"href":"https:\/\/sexisdc.org\/es\/wp-json\/wp\/v2\/users\/1"}],"replies":[{"embeddable":true,"href":"https:\/\/sexisdc.org\/es\/wp-json\/wp\/v2\/comments?post=814"}],"version-history":[{"count":0,"href":"https:\/\/sexisdc.org\/es\/wp-json\/wp\/v2\/pages\/814\/revisions"}],"wp:attachment":[{"href":"https:\/\/sexisdc.org\/es\/wp-json\/wp\/v2\/media?parent=814"}],"curies":[{"name":"wp","href":"https:\/\/api.w.org\/{rel}","templated":true}]}}