{"id":655,"date":"2020-09-08T17:07:51","date_gmt":"2020-09-08T17:07:51","guid":{"rendered":"https:\/\/sexisdc.org\/?page_id=655"},"modified":"2022-09-02T15:19:53","modified_gmt":"2022-09-02T15:19:53","slug":"getcheckeddc","status":"publish","type":"page","link":"https:\/\/sexisdc.org\/es\/getcheckeddc\/","title":{"rendered":"Get Checked DC"},"content":{"rendered":"<p>Get Checked DC es el programa de pruebas en casa de Washington DC que les ofrece a los residentes pruebas de VIH gratuitas. Es simple y seguro. Tome una muestra del interior de su boca y obtenga el resultado en 20 minutos.<\/p>\n<p>Para recibir el kit de prueba, completa el formulario de solicitud [enlace a https:\/\/www.getcheckeddc.org\/] . Todo ser\u00e1 confidencial Y el paquete estar\u00e1 etiquetado discretamente.<\/p>\n<p>Si prefieres hacerte \u00a0la prueba en una cl\u00ednica, comun\u00edcate con tu m\u00e9dico o llama al Centro de Salud y Bienestar del DC al (202)741-7692.<\/p>\n<p><a href=\"https:\/\/www.getcheckeddc.org\/\">https:\/\/www.getcheckeddc.org\/<\/a><\/p>\n<p>&nbsp;<\/p>\n","protected":false},"excerpt":{"rendered":"<p>Get Checked DC es el programa de pruebas en casa de Washington DC que les ofrece a los residentes pruebas de VIH gratuitas. Es simple y seguro. Tome una muestra del interior de su boca y obtenga el resultado en 20 minutos. Para recibir el kit de prueba, completa el formulario de solicitud [enlace a [&hellip;]<\/p>\n","protected":false},"author":1,"featured_media":0,"parent":0,"menu_order":0,"comment_status":"closed","ping_status":"closed","template":"","meta":{"footnotes":""},"class_list":["post-655","page","type-page","status-publish","hentry"],"_links":{"self":[{"href":"https:\/\/sexisdc.org\/es\/wp-json\/wp\/v2\/pages\/655","targetHints":{"allow":["GET"]}}],"collection":[{"href":"https:\/\/sexisdc.org\/es\/wp-json\/wp\/v2\/pages"}],"about":[{"href":"https:\/\/sexisdc.org\/es\/wp-json\/wp\/v2\/types\/page"}],"author":[{"embeddable":true,"href":"https:\/\/sexisdc.org\/es\/wp-json\/wp\/v2\/users\/1"}],"replies":[{"embeddable":true,"href":"https:\/\/sexisdc.org\/es\/wp-json\/wp\/v2\/comments?post=655"}],"version-history":[{"count":0,"href":"https:\/\/sexisdc.org\/es\/wp-json\/wp\/v2\/pages\/655\/revisions"}],"wp:attachment":[{"href":"https:\/\/sexisdc.org\/es\/wp-json\/wp\/v2\/media?parent=655"}],"curies":[{"name":"wp","href":"https:\/\/api.w.org\/{rel}","templated":true}]}}