{"id":653,"date":"2020-09-09T13:42:04","date_gmt":"2020-09-09T13:42:04","guid":{"rendered":"https:\/\/sexisdc.org\/?page_id=653"},"modified":"2021-11-23T23:24:39","modified_gmt":"2021-11-23T23:24:39","slug":"thepodcast","status":"publish","type":"page","link":"https:\/\/sexisdc.org\/es\/thepodcast\/","title":{"rendered":"Sexo es&#8230; el p\u00f3dcast"},"content":{"rendered":"<p>Sexo, sexualidad, salud sexual&#8230; a veces es inc\u00f3modo hablar sobre esto. Pero son temas importantes, especialmente para los j\u00f3venes.<\/p>\n<p>Por eso creamos Sexo es&#8230; el p\u00f3dcast. Es una serie de conversaciones informales y reales con j\u00f3venes del DC sobre todo lo relacionado con el sexo. Los panelistas son miembros de Sexo es&#8230; nuestro comit\u00e9 consultivo de j\u00f3venes, adem\u00e1s de j\u00f3venes de varias asociaciones, como Young Women\u2019s Project. El podcast es conducido por Poet Taylor de WPGC 95.5.<\/p>\n<p>Mire nuestros episodios a continuaci\u00f3n y haznos saber en las redes sociales (usa la etiqueta @SexIsDC en Twitter, Instagram y Facebook) qu\u00e9 temas le gustar\u00eda que cubramos en los pr\u00f3ximos episodios.<\/p>\n<p><strong>Episodio 1: Sexo y comunicaci\u00f3n<\/strong><\/p>\n<p><iframe loading=\"lazy\" title=\"Ep. 1: Sex + Communication | Sex Is... The Podcast\" width=\"640\" height=\"360\" src=\"https:\/\/www.youtube.com\/embed\/al04jvJLcuk?start=1055&#038;feature=oembed\" frameborder=\"0\" allow=\"accelerometer; autoplay; clipboard-write; encrypted-media; gyroscope; picture-in-picture; web-share\" referrerpolicy=\"strict-origin-when-cross-origin\" allowfullscreen><\/iframe><\/p>\n<p>&nbsp;<\/p>\n<p><strong>Episodio 2: Sexo y consentimiento<\/strong><\/p>\n<p><iframe loading=\"lazy\" title=\"Ep. 2: Sex + Consent | Sex Is... The Podcast\" width=\"640\" height=\"360\" src=\"https:\/\/www.youtube.com\/embed\/AtP3bjPZKc0?feature=oembed\" frameborder=\"0\" allow=\"accelerometer; autoplay; clipboard-write; encrypted-media; gyroscope; picture-in-picture; web-share\" referrerpolicy=\"strict-origin-when-cross-origin\" allowfullscreen><\/iframe><\/p>\n<p>&nbsp;<\/p>\n<p><strong>Episodio 3: Sexo y musica<\/strong><\/p>\n<p><iframe loading=\"lazy\" title=\"Ep. 3: Sex + Music | Sex Is... The Podcast\" width=\"640\" height=\"360\" src=\"https:\/\/www.youtube.com\/embed\/s-Yp4SoMaLo?feature=oembed\" frameborder=\"0\" allow=\"accelerometer; autoplay; clipboard-write; encrypted-media; gyroscope; picture-in-picture; web-share\" referrerpolicy=\"strict-origin-when-cross-origin\" allowfullscreen><\/iframe><\/p>\n<p>&nbsp;<\/p>\n<p><strong>Episodio 4: Sexo y TV y peliculas<\/strong><\/p>\n<p><iframe loading=\"lazy\" title=\"Ep. 4: Sex + TV &amp; Movies | Sex Is... The Podcast\" width=\"640\" height=\"360\" src=\"https:\/\/www.youtube.com\/embed\/e-lVVI7iTus?feature=oembed\" frameborder=\"0\" allow=\"accelerometer; autoplay; clipboard-write; encrypted-media; gyroscope; picture-in-picture; web-share\" referrerpolicy=\"strict-origin-when-cross-origin\" allowfullscreen><\/iframe><\/p>\n<p>&nbsp;<\/p>\n<p><strong>Episodio 5: Sexo y condones<\/strong><\/p>\n<p><iframe loading=\"lazy\" title=\"Ep. 5: Sex + Condoms | Sex Is... The Podcast\" width=\"640\" height=\"360\" src=\"https:\/\/www.youtube.com\/embed\/_-TBUpGZG9M?feature=oembed\" frameborder=\"0\" allow=\"accelerometer; autoplay; clipboard-write; encrypted-media; gyroscope; picture-in-picture; web-share\" referrerpolicy=\"strict-origin-when-cross-origin\" allowfullscreen><\/iframe><\/p>\n","protected":false},"excerpt":{"rendered":"<p>Sexo, sexualidad, salud sexual&#8230; a veces es inc\u00f3modo hablar sobre esto. Pero son temas importantes, especialmente para los j\u00f3venes. Por eso creamos Sexo es&#8230; el p\u00f3dcast. Es una serie de conversaciones informales y reales con j\u00f3venes del DC sobre todo lo relacionado con el sexo. Los panelistas son miembros de Sexo es&#8230; nuestro comit\u00e9 consultivo [&hellip;]<\/p>\n","protected":false},"author":1,"featured_media":0,"parent":0,"menu_order":0,"comment_status":"closed","ping_status":"closed","template":"","meta":{"footnotes":""},"class_list":["post-653","page","type-page","status-publish","hentry"],"_links":{"self":[{"href":"https:\/\/sexisdc.org\/es\/wp-json\/wp\/v2\/pages\/653","targetHints":{"allow":["GET"]}}],"collection":[{"href":"https:\/\/sexisdc.org\/es\/wp-json\/wp\/v2\/pages"}],"about":[{"href":"https:\/\/sexisdc.org\/es\/wp-json\/wp\/v2\/types\/page"}],"author":[{"embeddable":true,"href":"https:\/\/sexisdc.org\/es\/wp-json\/wp\/v2\/users\/1"}],"replies":[{"embeddable":true,"href":"https:\/\/sexisdc.org\/es\/wp-json\/wp\/v2\/comments?post=653"}],"version-history":[{"count":0,"href":"https:\/\/sexisdc.org\/es\/wp-json\/wp\/v2\/pages\/653\/revisions"}],"wp:attachment":[{"href":"https:\/\/sexisdc.org\/es\/wp-json\/wp\/v2\/media?parent=653"}],"curies":[{"name":"wp","href":"https:\/\/api.w.org\/{rel}","templated":true}]}}