{"id":647,"date":"2020-09-08T16:42:33","date_gmt":"2020-09-08T16:42:33","guid":{"rendered":"https:\/\/sexisdc.org\/?page_id=647"},"modified":"2021-08-14T04:03:36","modified_gmt":"2021-08-14T04:03:36","slug":"freecondoms","status":"publish","type":"page","link":"https:\/\/sexisdc.org\/es\/freecondoms\/","title":{"rendered":"Condones Gratis"},"content":{"rendered":"<p>Si vives en Washington, DC \u00a1puedes recibir condones gratis por correo!<\/p>\n<p>Usa un cond\u00f3n correctamente durante las relaciones sexuales para reducir tu riesgo de contraer o transmitir enfermedades de transmisi\u00f3n sexual (ETS).<\/p>\n<p>Condones externos (masculinos), condones internos (femeninos), lubricantes&#8230; \u00a1Lo tenemos todo! Para mayor privacidad, los condones ser\u00e1n enviados por correo en un sobre marr\u00f3n claro y no compartiremos tu direcci\u00f3n con nadie.<\/p>\n<p>Completa el siguiente formulario para recibir condones y lubricantes por correo:<\/p>\n<p>Si usted representa a una compa\u00f1\u00eda u organizaci\u00f3n en el DC y desea realizar pedidos de condones, <a href=\"https:\/\/sexualbeing.org\/get-condoms\/condoms-orgs\/\">haga clic aqu\u00ed<\/a>.<\/p>\n<div role=\"form\" class=\"wpcf7\" id=\"wpcf7-f649-o1\" lang=\"en-US\" dir=\"ltr\">\n<div class=\"screen-reader-response\" role=\"alert\" aria-live=\"polite\"><\/div>\n<form action=\"\/es\/wp-json\/wp\/v2\/pages\/647#wpcf7-f649-o1\" method=\"post\" class=\"wpcf7-form init\" novalidate=\"novalidate\">\n<div style=\"display: none;\">\n<input type=\"hidden\" name=\"_wpcf7\" value=\"649\" \/>\n<input type=\"hidden\" name=\"_wpcf7_version\" value=\"5.2.1\" \/>\n<input type=\"hidden\" name=\"_wpcf7_locale\" value=\"en_US\" \/>\n<input type=\"hidden\" name=\"_wpcf7_unit_tag\" value=\"wpcf7-f649-o1\" \/>\n<input type=\"hidden\" name=\"_wpcf7_container_post\" value=\"0\" \/>\n<input type=\"hidden\" name=\"_wpcf7_posted_data_hash\" value=\"\" \/>\n<input type=\"hidden\" name=\"lang\" value=\"es\" \/>\n<\/div>\n<p><label> Nombre (required)<br \/>\n    <span class=\"wpcf7-form-control-wrap first-name\"><input type=\"text\" name=\"first-name\" value=\"\" size=\"40\" class=\"wpcf7-form-control wpcf7-text wpcf7-validates-as-required\" aria-required=\"true\" aria-invalid=\"false\" \/><\/span> <\/label><\/p>\n<p><label> Apellido (required)<br \/>\n    <span class=\"wpcf7-form-control-wrap last-name\"><input type=\"text\" name=\"last-name\" value=\"\" size=\"40\" class=\"wpcf7-form-control wpcf7-text wpcf7-validates-as-required\" aria-required=\"true\" aria-invalid=\"false\" \/><\/span> <\/label><\/p>\n<p><label> Direcci\u00f3n (required)<br \/>\n    <span class=\"wpcf7-form-control-wrap address-1\"><input type=\"text\" name=\"address-1\" value=\"\" size=\"40\" class=\"wpcf7-form-control wpcf7-text wpcf7-validates-as-required\" aria-required=\"true\" aria-invalid=\"false\" \/><\/span> <\/label><\/p>\n<p><label> Direcci\u00f3n (cont.)<br \/>\n    <span class=\"wpcf7-form-control-wrap address-2\"><input type=\"text\" name=\"address-2\" value=\"\" size=\"40\" class=\"wpcf7-form-control wpcf7-text wpcf7-validates-as-required\" aria-required=\"true\" aria-invalid=\"false\" \/><\/span> <\/label><\/p>\n<p><label> C\u00f3digo postal del DC (required)<br \/>\n    <span class=\"wpcf7-form-control-wrap address-zip\"><input type=\"text\" name=\"address-zip\" value=\"\" size=\"40\" class=\"wpcf7-form-control wpcf7-text wpcf7-validates-as-required\" aria-required=\"true\" aria-invalid=\"false\" \/><\/span> <\/label><\/p>\n<p><label> N\u00famero de tel\u00e9fono (required)<br \/>\n<span class=\"wpcf7-form-control-wrap phone-number\"><input type=\"tel\" name=\"phone-number\" value=\"\" size=\"40\" class=\"wpcf7-form-control wpcf7-text wpcf7-tel wpcf7-validates-as-required wpcf7-validates-as-tel\" aria-required=\"true\" aria-invalid=\"false\" \/><\/span> <\/label><\/p>\n<p><label> Correo electr\u00f3nico (required)<br \/>\n    <span class=\"wpcf7-form-control-wrap your-email\"><input type=\"email\" name=\"your-email\" value=\"\" size=\"40\" class=\"wpcf7-form-control wpcf7-text wpcf7-email wpcf7-validates-as-required wpcf7-validates-as-email\" aria-required=\"true\" aria-invalid=\"false\" \/><\/span> <\/label><\/p>\n<p><input type=\"submit\" value=\"Send\" class=\"wpcf7-form-control wpcf7-submit\" \/><\/p>\n<div class=\"wpcf7-response-output\" role=\"alert\" aria-hidden=\"true\"><\/div><\/form><\/div>\n<p><em>Declaraci\u00f3n:<\/em><br \/>\n<em>Declaro que vivo en Washington, DC. Al enviar este formulario, autorizo al DC Health para que me env\u00ede un paquete de condones y lubricantes gratuitos a la direcci\u00f3n donde vivo, en un sobre sin marcar.<\/em><\/p>\n","protected":false},"excerpt":{"rendered":"<p>Si vives en Washington, DC \u00a1puedes recibir condones gratis por correo! Usa un cond\u00f3n correctamente durante las relaciones sexuales para reducir tu riesgo de contraer o transmitir enfermedades de transmisi\u00f3n sexual (ETS). Condones externos (masculinos), condones internos (femeninos), lubricantes&#8230; \u00a1Lo tenemos todo! Para mayor privacidad, los condones ser\u00e1n enviados por correo en un sobre marr\u00f3n [&hellip;]<\/p>\n","protected":false},"author":1,"featured_media":0,"parent":0,"menu_order":0,"comment_status":"closed","ping_status":"closed","template":"","meta":{"footnotes":""},"class_list":["post-647","page","type-page","status-publish","hentry"],"_links":{"self":[{"href":"https:\/\/sexisdc.org\/es\/wp-json\/wp\/v2\/pages\/647","targetHints":{"allow":["GET"]}}],"collection":[{"href":"https:\/\/sexisdc.org\/es\/wp-json\/wp\/v2\/pages"}],"about":[{"href":"https:\/\/sexisdc.org\/es\/wp-json\/wp\/v2\/types\/page"}],"author":[{"embeddable":true,"href":"https:\/\/sexisdc.org\/es\/wp-json\/wp\/v2\/users\/1"}],"replies":[{"embeddable":true,"href":"https:\/\/sexisdc.org\/es\/wp-json\/wp\/v2\/comments?post=647"}],"version-history":[{"count":0,"href":"https:\/\/sexisdc.org\/es\/wp-json\/wp\/v2\/pages\/647\/revisions"}],"wp:attachment":[{"href":"https:\/\/sexisdc.org\/es\/wp-json\/wp\/v2\/media?parent=647"}],"curies":[{"name":"wp","href":"https:\/\/api.w.org\/{rel}","templated":true}]}}