{"id":64,"date":"2017-09-15T14:18:47","date_gmt":"2017-09-15T14:18:47","guid":{"rendered":"http:\/\/dohprod.wpengine.com\/?page_id=64"},"modified":"2021-01-19T20:29:49","modified_gmt":"2021-01-19T20:29:49","slug":"get-involved-2","status":"publish","type":"page","link":"https:\/\/sexisdc.org\/es\/get-involved-2\/","title":{"rendered":"Participa"},"content":{"rendered":"<p>\u00bfTe gusta lo que ves y quisieras involucrarte? Aqu\u00ed te decimos c\u00f3mo:<\/p>\n<p>&nbsp;<\/p>\n<h2>Si eres una persona joven (12-24 a\u00f1os) que vive en Washington, DC:<\/h2>\n<ul>\n<li>Recibe dinero por trabajar en nuestro <a href=\"https:\/\/sexisdc.org\/es\/about-us\/\">Comit\u00e9 consultivo de j\u00f3venes<\/a>. Llena una solicitud aqu\u00ed. Aceptamos solicitudes de manera continua. El pago se basa en la participaci\u00f3n en actividades espec\u00edficas.<\/li>\n<li>S\u00edganos en <a href=\"https:\/\/www.facebook.com\/sexisdc\" target=\"_blank\" rel=\"noopener noreferrer\">Facebook<\/a>, <a href=\"https:\/\/twitter.com\/sexisdc\" target=\"_blank\" rel=\"noopener noreferrer\">Twitter<\/a>, e <a href=\"http:\/\/www.instagram.com\/sexisdc\" target=\"_blank\" rel=\"noopener noreferrer\">Instagram<\/a>, o escr\u00edbanos un correo electr\u00f3nico.<\/li>\n<li>Escr\u00edbenos al correo electr\u00f3nico <a href=\"mailto:sexisdc@linksp.com\">sexisdc@linksp.com<\/a>\u00a0tus preguntas o comentarios sobre lo que quieres saber m\u00e1s y qu\u00e9 temas debemos cubrir.<\/li>\n<li>\u00a1Reg\u00edstrate para recibir actualizaciones!<\/li>\n<\/ul>\n<p>&nbsp;<\/p>\n<h2>Si eres un Adulto de Confianza:<\/h2>\n<ul>\n<li>Descargua nuestra <a href=\"https:\/\/sexisdc.org\/wp-content\/uploads\/2019\/01\/Sex-Is...-Discussion-Guide.pdf\" target=\"_blank\" rel=\"noopener noreferrer\">Gu\u00eda de discusi\u00f3n<\/a> para aprender m\u00e1s sobre como iniciar conversaci\u00f3nes sobre el sexo con los jovenes en tu vida.<\/li>\n<li>Cree un ambiente positivo y lleno de apoyo para que anime a los jovenes a tomar decisiones saludables.<\/li>\n<li>\u00a1Reg\u00edstrate para recibir las ultimas noticias!<\/li>\n<\/ul>\n","protected":false},"excerpt":{"rendered":"<p>\u00bfTe gusta lo que ves y quisieras involucrarte? Aqu\u00ed te decimos c\u00f3mo: &nbsp; Si eres una persona joven (12-24 a\u00f1os) que vive en Washington, DC: Recibe dinero por trabajar en nuestro Comit\u00e9 consultivo de j\u00f3venes. Llena una solicitud aqu\u00ed. Aceptamos solicitudes de manera continua. El pago se basa en la participaci\u00f3n en actividades espec\u00edficas. S\u00edganos [&hellip;]<\/p>\n","protected":false},"author":1,"featured_media":0,"parent":0,"menu_order":0,"comment_status":"closed","ping_status":"closed","template":"","meta":{"footnotes":""},"class_list":["post-64","page","type-page","status-publish","hentry"],"_links":{"self":[{"href":"https:\/\/sexisdc.org\/es\/wp-json\/wp\/v2\/pages\/64","targetHints":{"allow":["GET"]}}],"collection":[{"href":"https:\/\/sexisdc.org\/es\/wp-json\/wp\/v2\/pages"}],"about":[{"href":"https:\/\/sexisdc.org\/es\/wp-json\/wp\/v2\/types\/page"}],"author":[{"embeddable":true,"href":"https:\/\/sexisdc.org\/es\/wp-json\/wp\/v2\/users\/1"}],"replies":[{"embeddable":true,"href":"https:\/\/sexisdc.org\/es\/wp-json\/wp\/v2\/comments?post=64"}],"version-history":[{"count":0,"href":"https:\/\/sexisdc.org\/es\/wp-json\/wp\/v2\/pages\/64\/revisions"}],"wp:attachment":[{"href":"https:\/\/sexisdc.org\/es\/wp-json\/wp\/v2\/media?parent=64"}],"curies":[{"name":"wp","href":"https:\/\/api.w.org\/{rel}","templated":true}]}}