{"id":626,"date":"2019-04-10T20:16:11","date_gmt":"2019-04-10T20:16:11","guid":{"rendered":"http:\/\/dohdevelop.wpengine.com\/?page_id=626"},"modified":"2022-09-22T18:52:35","modified_gmt":"2022-09-22T18:52:35","slug":"wrap-mc-contact","status":"publish","type":"page","link":"https:\/\/sexisdc.org\/es\/wrap-mc-contact\/","title":{"rendered":"Contacto"},"content":{"rendered":"<p><strong>Si tiene preguntas sobre&#8230;<\/strong><\/p>\n<ul>\n<li>La entrega de condones<\/li>\n<li>Materiales promocionales<\/li>\n<li>Asistencia t\u00e9cnica<\/li>\n<\/ul>\n<p><strong>Contacto:<\/strong><\/p>\n<p>Mariel Edge, Public Health Services Specialist<br \/>\nHIV\/AIDS, Hepatitis, STD and TB Administration<br \/>\nDC Health<br \/>\n<a href=\"mailto:Mariel.edge@dc.gov\">Mariel.edge@dc.gov<\/a><br \/>\n(202) 671-5074<\/p>\n<p>&nbsp;<\/p>\n<p><strong>Si tiene preguntas sobre&#8230;<\/strong><\/p>\n<ul>\n<li>Apoyo en la escuela, eventos e implementaci\u00f3n<\/li>\n<\/ul>\n<p><strong>Contacto:<\/strong><\/p>\n<p>Wesley Thomas, HIV\/STI Prevention Program Manager<br \/>\nOffice of Health Equity<br \/>\nDCPS Central Office<br \/>\n<a href=\"mailto:wesley.thomas2@dc.gov\">wesley.thomas2@dc.gov<\/a><br \/>\n(202) 724-1505<\/p>\n<p>&nbsp;<\/p>\n<p><strong>Si tiene preguntas sobre&#8230;<\/strong><\/p>\n<ul>\n<li>C\u00f3mo llevar Wrap MC a su escuela de DCPS si todav\u00eda no hay ning\u00fan maestro o personal de Wrap MC all\u00ed<\/li>\n<\/ul>\n<p><strong>Contacto:<\/strong><\/p>\n<p>Rachel Nichols<br \/>\nReproductive Health and Justice Program Coordinator<br \/>\nYoung Women\u2019s Project<br \/>\n<a href=\"mailto:rachel.nichols@youngwomensproject.org\">rachel.nichols@youngwomensproject.org<\/a><br \/>\n(202) 733-4339<\/p>\n","protected":false},"excerpt":{"rendered":"<p>Si tiene preguntas sobre&#8230; La entrega de condones Materiales promocionales Asistencia t\u00e9cnica Contacto: Mariel Edge, Public Health Services Specialist HIV\/AIDS, Hepatitis, STD and TB Administration DC Health Mariel.edge@dc.gov (202) 671-5074 &nbsp; Si tiene preguntas sobre&#8230; Apoyo en la escuela, eventos e implementaci\u00f3n Contacto: Wesley Thomas, HIV\/STI Prevention Program Manager Office of Health Equity DCPS Central [&hellip;]<\/p>\n","protected":false},"author":1,"featured_media":0,"parent":0,"menu_order":0,"comment_status":"closed","ping_status":"closed","template":"","meta":{"footnotes":""},"class_list":["post-626","page","type-page","status-publish","hentry"],"_links":{"self":[{"href":"https:\/\/sexisdc.org\/es\/wp-json\/wp\/v2\/pages\/626","targetHints":{"allow":["GET"]}}],"collection":[{"href":"https:\/\/sexisdc.org\/es\/wp-json\/wp\/v2\/pages"}],"about":[{"href":"https:\/\/sexisdc.org\/es\/wp-json\/wp\/v2\/types\/page"}],"author":[{"embeddable":true,"href":"https:\/\/sexisdc.org\/es\/wp-json\/wp\/v2\/users\/1"}],"replies":[{"embeddable":true,"href":"https:\/\/sexisdc.org\/es\/wp-json\/wp\/v2\/comments?post=626"}],"version-history":[{"count":0,"href":"https:\/\/sexisdc.org\/es\/wp-json\/wp\/v2\/pages\/626\/revisions"}],"wp:attachment":[{"href":"https:\/\/sexisdc.org\/es\/wp-json\/wp\/v2\/media?parent=626"}],"curies":[{"name":"wp","href":"https:\/\/api.w.org\/{rel}","templated":true}]}}