{"id":621,"date":"2019-04-10T19:29:31","date_gmt":"2019-04-10T19:29:31","guid":{"rendered":"http:\/\/dohdevelop.wpengine.com\/?page_id=621"},"modified":"2021-08-14T04:05:46","modified_gmt":"2021-08-14T04:05:46","slug":"wrap-mc","status":"publish","type":"page","link":"https:\/\/sexisdc.org\/es\/wrap-mc\/","title":{"rendered":"\u00bfQu\u00e9 es Wrap MC?"},"content":{"rendered":"<p><img decoding=\"async\" class=\"hoverZoomLink\" src=\"https:\/\/dohdevelop.wpengine.com\/wp-content\/uploads\/2019\/07\/Wrap-MC-Logo62-300x119.png\" \/><\/p>\n<p>&#8216;Wrap&#8217; es una palabra que se usa coloquialmente en ingl\u00e9s para referirse a los &#8216;condones&#8217;, y &#8216;MC&#8217; es la sigla de Master of Condoms: el Jefe de los Condones.<\/p>\n<p>El programa Wrap\u00a0MC certifica a los participantes para que sean fuentes de confianza de informaci\u00f3n sobre la salud sexual y de condones en las escuelas secundarias p\u00fablicas del DC (DCPS; en ingl\u00e9s). El programa tambi\u00e9n cumple con los <a href=\"https:\/\/sexisdc.org\/wp-content\/uploads\/2019\/08\/DC-Health-Peer-Education-Standards.pdf\">Est\u00e1ndares para la Educaci\u00f3n entre Pares<\/a> de DC\u00a0Health.<\/p>\n<p><strong>\u00bfQui\u00e9nes son los Wrap\u00a0MC?<\/strong><\/p>\n<ul>\n<li>Son <strong>j\u00f3venes<\/strong> estudiantes de escuela secundaria en escuelas p\u00fablicas del DC.<\/li>\n<li>Son <strong>adultos<\/strong> que trabajan como docentes o personal en escuelas p\u00fablicas del DC o que forman parte de organizaciones comunitarias (CBOS, en ingl\u00e9s) participantes.<\/li>\n<\/ul>\n<p><strong>\u00bfQu\u00e9 hacen los Wrap\u00a0MC?<\/strong><\/p>\n<table style=\"height: 199px;\" width=\"701\">\n<tbody>\n<tr>\n<td style=\"vertical-align: top;\"><u>J\u00f3venes<\/u><\/p>\n<ul>\n<li>DISTRIBUYEN CONDONES.<\/li>\n<li>Comparten informaci\u00f3n sobre pr\u00e1cticas sexuales m\u00e1s seguras.<\/li>\n<li>Conectan a sus compa\u00f1eros con servicios adecuados de atenci\u00f3n de la salud sexual.<\/li>\n<\/ul>\n<\/td>\n<td style=\"vertical-align: top;\"><u>Adultos<\/u><\/p>\n<ul>\n<li>DISTRIBUYEN CONDONES.<\/li>\n<li>Reclutan a nuevos estudiantes para que sean Wrap\u00a0MC.<\/li>\n<li>Apoyan a los Wrap\u00a0MC en sus escuelas o CBO.<\/li>\n<li>Comparten informaci\u00f3n sobre pr\u00e1cticas sexuales m\u00e1s seguras.<\/li>\n<li>Conectan a sus compa\u00f1eros con servicios adecuados de atenci\u00f3n de la salud sexual.<\/li>\n<\/ul>\n<\/td>\n<\/tr>\n<\/tbody>\n<\/table>\n<p style=\"text-align: center;\"><strong>Y M\u00c1S&#8230;<\/strong><\/p>\n<p><strong>\u00bfEste programa es legal?<\/strong><\/p>\n<p>S\u00ed, lo es. En esta\u00a0<a href=\"http:\/\/dohdevelop.wpengine.com\/wp-content\/uploads\/2019\/06\/2009-Condom-Availability-Policy-revised6.pdf\">Pol\u00edtica de disponibilidad de condones<\/a>\u00a0se brindan detalles.<\/p>\n","protected":false},"excerpt":{"rendered":"<p>&#8216;Wrap&#8217; es una palabra que se usa coloquialmente en ingl\u00e9s para referirse a los &#8216;condones&#8217;, y &#8216;MC&#8217; es la sigla de Master of Condoms: el Jefe de los Condones. El programa Wrap\u00a0MC certifica a los participantes para que sean fuentes de confianza de informaci\u00f3n sobre la salud sexual y de condones en las escuelas secundarias [&hellip;]<\/p>\n","protected":false},"author":1,"featured_media":0,"parent":0,"menu_order":0,"comment_status":"closed","ping_status":"closed","template":"","meta":{"footnotes":""},"class_list":["post-621","page","type-page","status-publish","hentry"],"_links":{"self":[{"href":"https:\/\/sexisdc.org\/es\/wp-json\/wp\/v2\/pages\/621","targetHints":{"allow":["GET"]}}],"collection":[{"href":"https:\/\/sexisdc.org\/es\/wp-json\/wp\/v2\/pages"}],"about":[{"href":"https:\/\/sexisdc.org\/es\/wp-json\/wp\/v2\/types\/page"}],"author":[{"embeddable":true,"href":"https:\/\/sexisdc.org\/es\/wp-json\/wp\/v2\/users\/1"}],"replies":[{"embeddable":true,"href":"https:\/\/sexisdc.org\/es\/wp-json\/wp\/v2\/comments?post=621"}],"version-history":[{"count":0,"href":"https:\/\/sexisdc.org\/es\/wp-json\/wp\/v2\/pages\/621\/revisions"}],"wp:attachment":[{"href":"https:\/\/sexisdc.org\/es\/wp-json\/wp\/v2\/media?parent=621"}],"curies":[{"name":"wp","href":"https:\/\/api.w.org\/{rel}","templated":true}]}}