{"id":47,"date":"2017-09-15T13:19:36","date_gmt":"2017-09-15T13:19:36","guid":{"rendered":"http:\/\/dohprod.wpengine.com\/?page_id=47"},"modified":"2020-09-24T04:17:53","modified_gmt":"2020-09-24T04:17:53","slug":"sex-tech","status":"publish","type":"page","link":"https:\/\/sexisdc.org\/es\/sex-tech\/","title":{"rendered":"Sexo y Tecnolog\u00eda"},"content":{"rendered":"<h2>Un mundo digital<\/h2>\n<p>Hagas clic. Desliza. Toca dos veces. Vivimos en un mundo donde todo est\u00e1 en la punta de nuestros dedos. Al mismo tiempo, tambi\u00e9n hay cosas malas que suceden en l\u00ednea: informaci\u00f3n incorrecta, acoso cibern\u00e9tico, e im\u00e1genes que nos hacen sentir mal con nuestros cuerpos.<\/p>\n<p><em>\u00bfExactamente de qu\u00e9 estamos hablando aqu\u00ed?<\/em> Sexteo, redes sociales, pornograf\u00eda, y citas en l\u00ednea.<\/p>\n<p>&nbsp;<\/p>\n<h2>Sexteo y redes sociales<\/h2>\n<p>Es com\u00fan compartir fotos entre nosotros. Pero aseg\u00farate de hacerlo en forma segura y responsable. En t\u00e9rminos simples, enviar o publicar fotos tuyas desnud@s (sexteo) \u2014o de otros\u2014 es una mala idea. Puede ser inapropiado e ilegal. Lee sobre la ley y m\u00e1s acerca del sexteo <u><a href=\"https:\/\/code.dccouncil.us\/dc\/council\/code\/sections\/22-3102.html\" target=\"_blank\" rel=\"noopener\">aqu\u00ed<\/a><\/u>.<\/p>\n<p>Piensa dos veces antes de pulsar \u201cenviar.\u201d <em>\u00bfC\u00f3mo te sentir\u00edas si la persona a la que le env\u00eda el mensaje lo comparte con alguien m\u00e1s? \u00bfQu\u00e9 pasa si lo comparten en l\u00ednea? \u00bfQu\u00e9 pasa si tus padres lo ven en l\u00ednea?<\/em><\/p>\n<p>Este es el punto principal: todo lo que tu env\u00edas por v\u00eda digital puede permanecer en l\u00ednea para siempre. A\u00fan si las im\u00e1genes \u201cdesaparecen,\u201d se puede acceder a ellas o pueden ser compartidas con otras personas.<\/p>\n<p>Si recibes un mensaje de contenido sexual, si te sientes acosada, o en peligro, habla con un adulto de confianza o ve a la polic\u00eda. No lo compartas, porque podr\u00edas meterte en problemas legales. En Washington, DC, la persona que incurra en sexteo puede ser acusada de distribuci\u00f3n de pornograf\u00eda infantil. <u><a href=\"https:\/\/www.lifewire.com\/sexting-laws-in-united-states-1949957\" target=\"_blank\" rel=\"noopener\">(Aprende m\u00e1s sobre las leyes de sexteo espec\u00edficas seg\u00fan el estado).<\/a><\/u> <u><a href=\"https:\/\/www.commonsensemedia.org\/sites\/default\/files\/uploads\/landing_pages\/sexting_handbook_ce_1020_1_.pdf\" target=\"_blank\" rel=\"noopener\">Haz clic aqu\u00ed para m\u00e1s informaci\u00f3n sobre sexteo. <\/a><\/u><\/p>\n<h1><\/h1>\n<h2>Pornograf\u00eda<\/h2>\n<p>Aunque es natural sentirte estimulado por las escenas en la pantalla, es importante recordar que la pornograf\u00eda se graba para prop\u00f3sitos de entretenimiento. Es una fantas\u00eda y a menudo no es una representaci\u00f3n real de lo que es o podr\u00eda ser el sexo.<\/p>\n<p>Si decides ver pornograf\u00eda, recuerda que:<\/p>\n<ul>\n<li>La pornograf\u00eda est\u00e1 dirigida a audiencias de 18 a\u00f1os o m\u00e1s.<\/li>\n<li>La pornograf\u00eda no tiene fines educativos, es para entretenimiento.<\/li>\n<li>Las personas en relaciones saludables se respetan entre s\u00ed, tanto dentro como fuera de la habitaci\u00f3n.<\/li>\n<li>Aunque la pornograf\u00eda rara vez muestra sexo seguro, utilizar anticonceptivos como los condones es una parte importante de una vida sexual saludable. El sexo sin protecci\u00f3n no es seguro.<\/li>\n<\/ul>\n<p>A fin de cuentas, depende de ti si deseas usar la pornograf\u00eda para complacerte o solo por diversi\u00f3n. Has lo que sientes que est\u00e1 bien para ti.<\/p>\n<p>&nbsp;<\/p>\n<h2>Citas en l\u00ednea<\/h2>\n<p>Tener citas puede ser dif\u00edcil. Las redes sociales, aplicaciones y sitios de citas en l\u00ednea facilitan el contacto con otras personas con intereses, rasgos de personalidad similares y atractivas. Tambi\u00e9n hacen que sea m\u00e1s f\u00e1cil acercarse a las personas sin el temor de un rechazo cara a cara.<\/p>\n<p>La mayor\u00eda de sitios de citas en l\u00ednea son para personas de 18 a\u00f1os o m\u00e1s, pero algunas son solo para <a href=\"https:\/\/www.makeuseof.com\/tag\/best-free-dating-apps-teenagers-young-adults\/\">adolescentes<\/a>. No importa qui\u00e9n los utilice, la seguridad debe ser la prioridad principal. Algunas personas mienten sobre su identidad.<\/p>\n<h2><strong>\u00a0<\/strong><\/h2>\n<p><strong>\u00a0<\/strong><\/p>\n","protected":false},"excerpt":{"rendered":"<p>Un mundo digital Hagas clic. Desliza. Toca dos veces. Vivimos en un mundo donde todo est\u00e1 en la punta de nuestros dedos. Al mismo tiempo, tambi\u00e9n hay cosas malas que suceden en l\u00ednea: informaci\u00f3n incorrecta, acoso cibern\u00e9tico, e im\u00e1genes que nos hacen sentir mal con nuestros cuerpos. \u00bfExactamente de qu\u00e9 estamos hablando aqu\u00ed? Sexteo, redes [&hellip;]<\/p>\n","protected":false},"author":1,"featured_media":0,"parent":0,"menu_order":0,"comment_status":"closed","ping_status":"closed","template":"","meta":{"footnotes":""},"class_list":["post-47","page","type-page","status-publish","hentry"],"_links":{"self":[{"href":"https:\/\/sexisdc.org\/es\/wp-json\/wp\/v2\/pages\/47","targetHints":{"allow":["GET"]}}],"collection":[{"href":"https:\/\/sexisdc.org\/es\/wp-json\/wp\/v2\/pages"}],"about":[{"href":"https:\/\/sexisdc.org\/es\/wp-json\/wp\/v2\/types\/page"}],"author":[{"embeddable":true,"href":"https:\/\/sexisdc.org\/es\/wp-json\/wp\/v2\/users\/1"}],"replies":[{"embeddable":true,"href":"https:\/\/sexisdc.org\/es\/wp-json\/wp\/v2\/comments?post=47"}],"version-history":[{"count":0,"href":"https:\/\/sexisdc.org\/es\/wp-json\/wp\/v2\/pages\/47\/revisions"}],"wp:attachment":[{"href":"https:\/\/sexisdc.org\/es\/wp-json\/wp\/v2\/media?parent=47"}],"curies":[{"name":"wp","href":"https:\/\/api.w.org\/{rel}","templated":true}]}}