{"id":45,"date":"2017-09-15T13:19:29","date_gmt":"2017-09-15T13:19:29","guid":{"rendered":"http:\/\/dohprod.wpengine.com\/?page_id=45"},"modified":"2019-02-14T14:35:40","modified_gmt":"2019-02-14T14:35:40","slug":"sex-positivity","status":"publish","type":"page","link":"https:\/\/sexisdc.org\/es\/sex-positivity\/","title":{"rendered":"Positivismo Sexual"},"content":{"rendered":"<h2><strong>\u00bfQu\u00e9 es el positivismo sexual?<\/strong><\/h2>\n<p>El positivismo sexual es la idea de que el sexo y el placer sexual es diferente para cada persona, y eso est\u00e1 bien. El positivismo sexual consiste en no hacer juicios, ser honesto y estar informado.<\/p>\n<p>El sexo debe ser algo bueno si hablamos tanto de eso, \u00bfverdad? Bueno, s\u00ed y no. El sexo puede ser personal, atemorizante, placentero, confuso y divertido.<\/p>\n<p>Sin importar cu\u00e1ndo o c\u00f3mo elijes tener relaciones sexuales, la parte m\u00e1s importante del positivismo sexual es conocerte y entenderte a t\u00ed mismo y respetar el proceso de otras personas.<\/p>\n<p>Para obtener m\u00e1s informaci\u00f3n acerca del positivismo sexual, visita:<\/p>\n<ul>\n<li><a href=\"https:\/\/sexualbeing.org\/get-connected\/latinx-en-espanol\" target=\"_blank\" rel=\"noopener\">Sexual Being<\/a><\/li>\n<li><a href=\"https:\/\/www.plannedparenthood.org\/es\/temas-de-salud\/el-sexo-y-las-relaciones\" target=\"_blank\" rel=\"noopener\">Planned Parenthood<\/a><\/li>\n<li><a href=\"http:\/\/www.quierosaber.org\/la-salud-sexual.html\" target=\"_blank\" rel=\"noopener\">La Salud Sexual<\/a><\/li>\n<li><a href=\"https:\/\/sexisdc.org\/es\/whats-not-ok\/\">Que no est\u00e1 bien<\/a><\/li>\n<\/ul>\n<p>\u00bfBuscas recursos para j\u00f3venes acerca del positivismo sexual en Washington, DC? \u00a1Visita nuestro <a href=\"https:\/\/sexisdc.org\/es\/dc-health-finder\/\">Mapa de Recursos.<\/a><\/p>\n<p>\u00bfEres un adulto de confianza que buscas orientaci\u00f3n sobre c\u00f3mo iniciar una conversaci\u00f3n con un joven en tu vida? <a href=\"https:\/\/sexisdc.org\/wp-content\/uploads\/2019\/01\/Sex-Is...-Discussion-Guide.pdf\">Descargua nuestra Gu\u00eda de discusi\u00f3n.<\/a><\/p>\n","protected":false},"excerpt":{"rendered":"<p>\u00bfQu\u00e9 es el positivismo sexual? El positivismo sexual es la idea de que el sexo y el placer sexual es diferente para cada persona, y eso est\u00e1 bien. El positivismo sexual consiste en no hacer juicios, ser honesto y estar informado. El sexo debe ser algo bueno si hablamos tanto de eso, \u00bfverdad? Bueno, s\u00ed [&hellip;]<\/p>\n","protected":false},"author":1,"featured_media":0,"parent":0,"menu_order":0,"comment_status":"closed","ping_status":"closed","template":"","meta":{"footnotes":""},"class_list":["post-45","page","type-page","status-publish","hentry"],"_links":{"self":[{"href":"https:\/\/sexisdc.org\/es\/wp-json\/wp\/v2\/pages\/45","targetHints":{"allow":["GET"]}}],"collection":[{"href":"https:\/\/sexisdc.org\/es\/wp-json\/wp\/v2\/pages"}],"about":[{"href":"https:\/\/sexisdc.org\/es\/wp-json\/wp\/v2\/types\/page"}],"author":[{"embeddable":true,"href":"https:\/\/sexisdc.org\/es\/wp-json\/wp\/v2\/users\/1"}],"replies":[{"embeddable":true,"href":"https:\/\/sexisdc.org\/es\/wp-json\/wp\/v2\/comments?post=45"}],"version-history":[{"count":0,"href":"https:\/\/sexisdc.org\/es\/wp-json\/wp\/v2\/pages\/45\/revisions"}],"wp:attachment":[{"href":"https:\/\/sexisdc.org\/es\/wp-json\/wp\/v2\/media?parent=45"}],"curies":[{"name":"wp","href":"https:\/\/api.w.org\/{rel}","templated":true}]}}