{"id":43,"date":"2017-09-15T13:19:21","date_gmt":"2017-09-15T13:19:21","guid":{"rendered":"http:\/\/dohprod.wpengine.com\/?page_id=43"},"modified":"2021-03-16T22:58:33","modified_gmt":"2021-03-16T22:58:33","slug":"whats-not-ok","status":"publish","type":"page","link":"https:\/\/sexisdc.org\/es\/whats-not-ok\/","title":{"rendered":"Que No Esta Bien"},"content":{"rendered":"<p>No siempre todo es claro cuando se trata del sexo. Todos tienen l\u00edmites diferentes. Pueden variar dependiendo de la persona o situaci\u00f3n. Pero algunas cosas simplemente NO EST\u00c1N BIEN.<\/p>\n<p>\u00bfQu\u00e9 significa \u201cNO EST\u00c1N BIEN?\u201d Bueno, eso depende. Algunas personas pueden sentirse ofendidas por ciertos chistes, comportamientos, o palabras, mientras que otras personas no. Hablar con un adulto de confianza puede ayudar a determinar con qu\u00e9 se siente c\u00f3moda en una relaci\u00f3n y c\u00f3mo comunicarle eso a tu pareja.<\/p>\n<p>Sin embargo, algunas cosas simplemente no se pueden permitir. Si alguien resulta siendo lastimado a nivel f\u00edsico o emocional en definitiva NO EST\u00c1 BIEN.\u00a0 Si tu sientes cualquier incomodidad en una relaci\u00f3n, no te lo guardes. Habla con un adulto de confianza.<\/p>\n<p>&nbsp;<\/p>\n<table width=\"594\">\n<tbody>\n<tr>\n<td width=\"168\"><strong>NO EST\u00c1 BIEN<\/strong><\/td>\n<td width=\"426\"><strong>EN VEZ DE ESO, SIEMPRE<\/strong><\/td>\n<\/tr>\n<tr>\n<td width=\"168\">Contacto no deseado<\/td>\n<td width=\"426\">Pide consentimiento antes de cualquier encuentro f\u00edsico y\/o sexual<\/td>\n<\/tr>\n<tr>\n<td width=\"168\">Ignorar o silenciar<\/td>\n<td width=\"426\">Escucha y trata de entender la perspectiva de tu pareja<\/td>\n<\/tr>\n<tr>\n<td width=\"168\">Sentirte inc\u00f3mod@<\/td>\n<td width=\"426\">Discute tus miedos y preocupaciones con tu pareja<\/td>\n<\/tr>\n<tr>\n<td width=\"168\">Mentir<\/td>\n<td width=\"426\">S\u00e9 honesta con tu pareja y con ti mism@<\/td>\n<\/tr>\n<tr>\n<td width=\"168\">Traicionar la confianza<\/td>\n<td width=\"426\">Obten consentimiento antes de compartir informaci\u00f3n personal de tu pareja<\/td>\n<\/tr>\n<tr>\n<td width=\"168\">Amenazar<\/td>\n<td width=\"426\">Respeta los l\u00edmites, espacio personal, y privacidad de tu pareja<\/td>\n<\/tr>\n<\/tbody>\n<\/table>\n<p>&nbsp;<\/p>\n<p>\u00bfQuieres revisar tus conocimientos acerca de qu\u00e9 est\u00e1 bien en una relaci\u00f3n?<\/p>\n<p>Para aprender m\u00e1s sobre el consentimiento, <a href=\"https:\/\/www.plannedparenthood.org\/es\/temas-de-salud\/para-adolescentes\/sexo\/todo-sobre-consentimiento\" target=\"_blank\" rel=\"noopener\">haga clic aqui<\/a>.<\/p>\n<p>&nbsp;<\/p>\n<h3>Qu\u00e9 es la trata de personas?<\/h3>\n<p>La trata de personas sucede cuando se manipula o se obliga a una persona a hacer cosas en contra de su voluntad. El tr\u00e1fico sexual es la forma m\u00e1s com\u00fan de trata de personas.<\/p>\n<p>Si eres v\u00edctima de la trata de personas, no es tu culpa. Lo que est\u00e1s viviendo es un crimen en tu contra y no tienes la culpa.<\/p>\n<p>Si crees que eres v\u00edctima de la trata de personas, hay muchas cosas que puedes hacer para obtener apoyo. Estas son algunas formas de pedir ayuda y mantenerte a salvo:<\/p>\n<ul>\n<li>D\u00edselo a un adulto de confianza<\/li>\n<li>Visita <a href=\"https:\/\/humantraffickinghotline.org\/obtenga-ayuda#:~:text=Seguridad%20%7C%20Recursos%20Adicionales-,Cont%C3%A1ctenos,especialmente%20capacitados%20en%20este%20tema\">https:\/\/humantraffickinghotline.org\/obtenga-ayuda#:~:text=Seguridad%20%7C%20Recursos%20Adicionales-,Cont%C3%A1ctenos,especialmente%20capacitados%20en%20este%20tema<\/a> O\u00a0\u00a0 Llama a la L\u00ednea Nacional contra la Trata de Personas, disponible las 24 horas del d\u00eda, al 1-888-373-7888<\/li>\n<li>Denuncia una emergencia ante la polic\u00eda llamando al 911<\/li>\n<li>Aseg\u00farate de conocer los <a href=\"https:\/\/www.unodc.org\/documents\/human-trafficking\/HT_indicators_S_LOWRES.pdf\">indicadores de trata de personas <\/a><\/li>\n<\/ul>\n<h3><\/h3>\n<h3>\u00bfQu\u00e9 es el <em>catfishing<\/em>?<\/h3>\n<p>Usurpadores en l\u00ednea, \u201ccatfishing,\u201d consiste en atraer a alguien a una relaci\u00f3n utilizando una identidad falsa en l\u00ednea. Recuerda: las personas que conoces en l\u00ednea no siempre son quienes dicen ser. Incluso podr\u00edan no ser personas reales. Algunas personas incluso llegan a crear una identidad falsa para buscar venganza o simplemente perjudicar a los dem\u00e1s. El <em>catfishing <\/em>es un tipo de acoso en l\u00ednea.<\/p>\n<p>Para evitar que se aprovechen de ti, es importante que tengas cuidado con qui\u00e9n compartes informaci\u00f3n personal en Internet. No te encuentres a solas con nadie que hayas conocido en l\u00ednea. Si te acosan en l\u00ednea, d\u00edselo a alguien. Den\u00fancialos y bloqu\u00e9alos.<\/p>\n<p>Para conocer m\u00e1s formas de mantenerte a salvo, ingresa en <a href=\"https:\/\/www.cybersmile.org\/what-we-do\/advice-help\/catfishing\">https:\/\/www.cybersmile.org\/what-we-do\/advice-help\/catfishing<\/a><\/p>\n","protected":false},"excerpt":{"rendered":"<p>No siempre todo es claro cuando se trata del sexo. Todos tienen l\u00edmites diferentes. Pueden variar dependiendo de la persona o situaci\u00f3n. Pero algunas cosas simplemente NO EST\u00c1N BIEN. \u00bfQu\u00e9 significa \u201cNO EST\u00c1N BIEN?\u201d Bueno, eso depende. Algunas personas pueden sentirse ofendidas por ciertos chistes, comportamientos, o palabras, mientras que otras personas no. Hablar con [&hellip;]<\/p>\n","protected":false},"author":1,"featured_media":0,"parent":0,"menu_order":0,"comment_status":"closed","ping_status":"closed","template":"","meta":{"footnotes":""},"class_list":["post-43","page","type-page","status-publish","hentry"],"_links":{"self":[{"href":"https:\/\/sexisdc.org\/es\/wp-json\/wp\/v2\/pages\/43","targetHints":{"allow":["GET"]}}],"collection":[{"href":"https:\/\/sexisdc.org\/es\/wp-json\/wp\/v2\/pages"}],"about":[{"href":"https:\/\/sexisdc.org\/es\/wp-json\/wp\/v2\/types\/page"}],"author":[{"embeddable":true,"href":"https:\/\/sexisdc.org\/es\/wp-json\/wp\/v2\/users\/1"}],"replies":[{"embeddable":true,"href":"https:\/\/sexisdc.org\/es\/wp-json\/wp\/v2\/comments?post=43"}],"version-history":[{"count":0,"href":"https:\/\/sexisdc.org\/es\/wp-json\/wp\/v2\/pages\/43\/revisions"}],"wp:attachment":[{"href":"https:\/\/sexisdc.org\/es\/wp-json\/wp\/v2\/media?parent=43"}],"curies":[{"name":"wp","href":"https:\/\/api.w.org\/{rel}","templated":true}]}}