{"id":380,"date":"2018-09-20T20:39:00","date_gmt":"2018-09-20T20:39:00","guid":{"rendered":"http:\/\/dohprod.wpengine.com\/?page_id=380"},"modified":"2019-02-14T14:33:55","modified_gmt":"2019-02-14T14:33:55","slug":"speak-up","status":"publish","type":"page","link":"https:\/\/sexisdc.org\/es\/speak-up\/","title":{"rendered":"Alza Tu Voz"},"content":{"rendered":"<h2>\u00bfQu\u00e9 son los derechos?<\/h2>\n<p><strong>\u00a0<\/strong>Los derechos son poderes legales, sociales o morales para obtener o realizar algo en espec\u00edfico.<\/p>\n<p>&nbsp;<\/p>\n<h2>\u00bfTengo derechos?<\/h2>\n<p>Si eres menor de 18 a\u00f1os, puede que hayas sentido o te hayan dicho que no tienes derechos. Esto es falso. <strong><u>TODOS<\/u><\/strong> tenemos derechos, incluso los j\u00f3venes.<\/p>\n<p>&nbsp;<\/p>\n<h2>\u00bfQu\u00e9 derechos tienen los j\u00f3venes en Washington, DC en t\u00e9rminos de salud?<\/h2>\n<p>Washington, DC tiene leyes que facilitan el acceso a la atenci\u00f3n m\u00e9dica para los j\u00f3venes. De hecho, los j\u00f3venes de cualquier edad pueden obtener atenci\u00f3n m\u00e9dica de salud sexual y reproductiva sin el consentimiento de los padres.<\/p>\n<ul>\n<li>Servicios de anticoncepci\u00f3n<\/li>\n<li>Enfermedad de transmisi\u00f3n sexual (ETS)<\/li>\n<li>Pruebas y tratamiento para el VIH<\/li>\n<li>Embarazo y cuidados prenatales<\/li>\n<li>Tratamiento contra el abuso de sustancias en un entorno ambulatorio<\/li>\n<li>Asesor\u00eda\/tratamiento de salud mental en un entorno ambulatorio<\/li>\n<li>Interrupci\u00f3n legal de un embarazo (servicios de aborto)<\/li>\n<\/ul>\n<p>Para m\u00e1s informaci\u00f3n, visita <a href=\"https:\/\/doh.dc.gov\/sites\/default\/files\/dc\/sites\/doh\/publication\/attachments\/DCMR%2022%20B600_7.pdf\">esta p\u00e1gina<\/a>.<\/p>\n<p>&nbsp;<\/p>\n<h2>\u00bfQu\u00e9 derechos protegen a los j\u00f3venes LGBTQIA en Washington, DC?<em>\u00a0<\/em><\/h2>\n<p>Son demasiados los derechos para nombrarlos aqu\u00ed, afortunadamente la oficina de la alcald\u00eda para asuntos de lesbianas, homosexuales, bisexuales, transg\u00e9neros y aquellos que cuestionan su identidad sexual, sirve como un gran <a href=\"https:\/\/lgbtq.dc.gov\/page\/glbt-know-your-rights\">recurso<\/a>. Washington, DC tambi\u00e9n tiene muchas <a href=\"https:\/\/lgbtq.dc.gov\/book\/alpha-listing-glbt-orgs\">organizaciones<\/a>\u00a0dirigidas a la comunidad LGBTQIA, laspuede encontrar en nuestro <a href=\"https:\/\/sexisdc.org\/es\/dc-health-finder\/\">Mapa de Recursos.<\/a><\/p>\n<p>El Departamento de Veh\u00edculos Motorizados de Washington, DC (DC DMV) ofrece identificaciones y licencias de conducir con la opci\u00f3n de g\u00e9nero neutral: <a href=\"https:\/\/dmv.dc.gov\/release\/mayor-bowser-announces-addition-gender-neutral-identifier-drivers-licenses-and\" target=\"_blank\" rel=\"noopener\">https:\/\/dmv.dc.gov\/release\/mayor-bowser-announces-addition-gender-neutral-identifier-drivers-licenses-and<\/a>.<\/p>\n<p>&nbsp;<\/p>\n<h2>\u00bfQu\u00e9 pasa si estoy indocumentad@?<\/h2>\n<p>\u00a1Conoce tus derechos! Si deseas saber m\u00e1s, encontrar recursos, o involucrarte, <a href=\"https:\/\/dc-aya.org\/about\/member-organizations\/\" target=\"_blank\" rel=\"noopener\">revisa esta lista<\/a> de organizaciones enfocadas en los j\u00f3venes de esta area.<\/p>\n<p>Sin importar la edad o el estatus migratorio, los residentes de Washington, DC puede obtener seguro de salud. Para m\u00e1s informaci\u00f3n, visita <a href=\"https:\/\/dhcf.dc.gov\/page\/medical-assistance-programs-information-and-eligibility\">esta p\u00e1gina<\/a>.<\/p>\n<p>Puedes encontrar organizaciones que brindan servicios para la comunidad inmigrante en nuestro <a href=\"https:\/\/sexisdc.org\/es\/dc-health-finder\/\">Mapa de Recursos.<\/a><\/p>\n<p>&nbsp;<\/p>\n<h2>\u00bfQu\u00e9 otros derechos debo conocer?<\/h2>\n<p>La <a href=\"https:\/\/ohr.dc.gov\/publication\/dc-human-rights-act-1977-english\">Ley de Derechos Humanos en Washington, DC\u00a0<\/a>brinda m\u00e1s protecci\u00f3n contra la discriminaci\u00f3n que cualquier otro estado. Esta ley cubre a todo aquel que vive, est\u00e9 de visita o trabaje aqu\u00ed.<\/p>\n","protected":false},"excerpt":{"rendered":"<p>\u00bfQu\u00e9 son los derechos? \u00a0Los derechos son poderes legales, sociales o morales para obtener o realizar algo en espec\u00edfico. &nbsp; \u00bfTengo derechos? Si eres menor de 18 a\u00f1os, puede que hayas sentido o te hayan dicho que no tienes derechos. Esto es falso. TODOS tenemos derechos, incluso los j\u00f3venes. &nbsp; \u00bfQu\u00e9 derechos tienen los j\u00f3venes [&hellip;]<\/p>\n","protected":false},"author":1,"featured_media":0,"parent":0,"menu_order":0,"comment_status":"closed","ping_status":"closed","template":"","meta":{"footnotes":""},"class_list":["post-380","page","type-page","status-publish","hentry"],"_links":{"self":[{"href":"https:\/\/sexisdc.org\/es\/wp-json\/wp\/v2\/pages\/380","targetHints":{"allow":["GET"]}}],"collection":[{"href":"https:\/\/sexisdc.org\/es\/wp-json\/wp\/v2\/pages"}],"about":[{"href":"https:\/\/sexisdc.org\/es\/wp-json\/wp\/v2\/types\/page"}],"author":[{"embeddable":true,"href":"https:\/\/sexisdc.org\/es\/wp-json\/wp\/v2\/users\/1"}],"replies":[{"embeddable":true,"href":"https:\/\/sexisdc.org\/es\/wp-json\/wp\/v2\/comments?post=380"}],"version-history":[{"count":0,"href":"https:\/\/sexisdc.org\/es\/wp-json\/wp\/v2\/pages\/380\/revisions"}],"wp:attachment":[{"href":"https:\/\/sexisdc.org\/es\/wp-json\/wp\/v2\/media?parent=380"}],"curies":[{"name":"wp","href":"https:\/\/api.w.org\/{rel}","templated":true}]}}