{"id":38,"date":"2017-09-15T13:19:07","date_gmt":"2017-09-15T13:19:07","guid":{"rendered":"http:\/\/dohprod.wpengine.com\/?page_id=38"},"modified":"2020-09-24T04:06:13","modified_gmt":"2020-09-24T04:06:13","slug":"lets-talk","status":"publish","type":"page","link":"https:\/\/sexisdc.org\/es\/lets-talk\/","title":{"rendered":"Hablemos"},"content":{"rendered":"<h2>Relaci\u00f3n con tu pareja<\/h2>\n<p>\u00bfC\u00f3mo llamas a la persona con la que te besasa, te diviertes, tienes relaciones sexuales o con la que te gustar\u00eda hacer todo lo anterior? Cualquiera sea la respuesta, la comunicaci\u00f3n abierta y honesta con ellos es importante. \u00bfPor qu\u00e9? Porque hay que asegurarse de que ambos est\u00e9n de acuerdo con lo que quieran hacer juntos.<\/p>\n<p><strong>\u00a0<\/strong><\/p>\n<h2>Relaciones, sexo, y citas<\/h2>\n<p>Puede ser m\u00e1s dif\u00edcil expresar lo que quieres decir y lo que deseas cuando se involucran los sentimientos. Cuando eso pase, reflexiona y revisa c\u00f3mo te sientes. <em>\u00bfTe sientes c\u00f3moda? \u00bfTe sientes segura? \u00bfConf\u00edas en esta persona? \u00bfEstoy en una relaci\u00f3n saludable? <\/em><\/p>\n<p>Aseg\u00farate de que tu y tu(s) pareja(s) est\u00e9n de acuerdo en la relaci\u00f3n y lo qu\u00e9 funciona para ustedes. (Para m\u00e1s informaci\u00f3n sobre relaciones saludable, visita <a href=\"https:\/\/espanol.loveisrespect.org\/\" target=\"_blank\" rel=\"noopener noreferrer\">El Amor es Respeto<\/a>.<\/p>\n<p>&nbsp;<\/p>\n<h2>Adultos de confianza<\/h2>\n<p>Un adulto de confianza puede ser alguien de tu familia, escuela, o de la iglesia con la que tu puedes hablar con confianza y privacidad. Una persona mayor de edad que te puede ayudar a encontrar buena informaci\u00f3n.<\/p>\n<p>\u00bfEres un adulto de confianza que busca orientaci\u00f3n sobre c\u00f3mo iniciar una conversaci\u00f3n con una persona joven en tu vida? <a href=\"https:\/\/sexisdc.org\/wp-content\/uploads\/2020\/09\/DOH-SPA-Discussion-Guide-1.1-A2.pdf\" target=\"_blank\" rel=\"noopener noreferrer\">Descarca nuestra Gu\u00eda de discusi\u00f3n.<\/a> \u00a1Tambi\u00e9n puedes encontrar una gran cantidad de recursos en <a href=\"https:\/\/amaze.org\/es\/\" target=\"_blank\" rel=\"noopener noreferrer\">Amaze.org<\/a>!<\/p>\n<h2><\/h2>\n<p>&nbsp;<\/p>\n","protected":false},"excerpt":{"rendered":"<p>Relaci\u00f3n con tu pareja \u00bfC\u00f3mo llamas a la persona con la que te besasa, te diviertes, tienes relaciones sexuales o con la que te gustar\u00eda hacer todo lo anterior? Cualquiera sea la respuesta, la comunicaci\u00f3n abierta y honesta con ellos es importante. \u00bfPor qu\u00e9? Porque hay que asegurarse de que ambos est\u00e9n de acuerdo con [&hellip;]<\/p>\n","protected":false},"author":1,"featured_media":0,"parent":0,"menu_order":0,"comment_status":"closed","ping_status":"closed","template":"","meta":{"footnotes":""},"class_list":["post-38","page","type-page","status-publish","hentry"],"_links":{"self":[{"href":"https:\/\/sexisdc.org\/es\/wp-json\/wp\/v2\/pages\/38","targetHints":{"allow":["GET"]}}],"collection":[{"href":"https:\/\/sexisdc.org\/es\/wp-json\/wp\/v2\/pages"}],"about":[{"href":"https:\/\/sexisdc.org\/es\/wp-json\/wp\/v2\/types\/page"}],"author":[{"embeddable":true,"href":"https:\/\/sexisdc.org\/es\/wp-json\/wp\/v2\/users\/1"}],"replies":[{"embeddable":true,"href":"https:\/\/sexisdc.org\/es\/wp-json\/wp\/v2\/comments?post=38"}],"version-history":[{"count":0,"href":"https:\/\/sexisdc.org\/es\/wp-json\/wp\/v2\/pages\/38\/revisions"}],"wp:attachment":[{"href":"https:\/\/sexisdc.org\/es\/wp-json\/wp\/v2\/media?parent=38"}],"curies":[{"name":"wp","href":"https:\/\/api.w.org\/{rel}","templated":true}]}}