{"id":36,"date":"2017-09-15T13:18:59","date_gmt":"2017-09-15T13:18:59","guid":{"rendered":"http:\/\/dohprod.wpengine.com\/?page_id=36"},"modified":"2019-02-14T14:31:48","modified_gmt":"2019-02-14T14:31:48","slug":"sexual-well-being","status":"publish","type":"page","link":"https:\/\/sexisdc.org\/es\/sexual-well-being\/","title":{"rendered":"Salud Sexual"},"content":{"rendered":"<h2>\u00bfEstoy list@ para esto? \u00bfSe debe sentir as\u00ed? \u00bfDebo visitar al m\u00e9dico?<\/h2>\n<p>Todas estas preguntas tienen que ver con la <a href=\"https:\/\/es.familydoctor.org\/importancia-de-la-salud-sexual\/\" target=\"_blank\" rel=\"noopener\">salud sexual<\/a> y es posible que te hagas estas \u00a0preguntas de vez en cuando. La salud sexual va m\u00e1s all\u00e1 de solo evitar un embarazo indeseado o <a href=\"https:\/\/www.plannedparenthood.org\/es\/temas-de-salud\/enfermedades-de-transmision-sexual-ets\" target=\"_blank\" rel=\"noopener\">Enfermedades de transmisi\u00f3n sexual (ETS).<\/a>\u00a0Se trata de sentirte bien de t\u00ed mism@, tu vida sexual, tus decisiones, y c\u00f3mo funciona tu cuerpo.<\/p>\n<p>\u00bfEst\u00e1s pensando: \u00abpero no tengo relaciones sexuales en este momento?\u201d Pero un d\u00eda podr\u00edas, y mientras m\u00e1s conozcas sobre tus opciones y sobre t\u00ed mism@, mejor ser\u00e1 tu salud y bienestar sexual.<\/p>\n<p>Si tienes relaciones sexuales (una vez, algunas veces, o todo el tiempo), ahora es un buen momento para hacerte una prueba de ETS y ser\u00eda ideal que tu(s) pareja(s) tambi\u00e9n se las haga(n). <a href=\"https:\/\/sexisdc.org\/es\/dc-health-finder\/\">Haz clic aqu\u00ed<\/a> para encontrar centros en\u00a0 Washington, DC donde puedes hacerte una prueba de ETS.<\/p>\n<p>\u00bfDeseas informaci\u00f3n sobre la prevenci\u00f3n del embarazo? Si sabes el tipo de anticonceptivo que prefieres o quieres discutir tus opciones, haz clic aqu\u00ed para encontrar organizaciones dedicadas a j\u00f3venes en Washington, DC, que los suministran gratis o a bajo costo.<\/p>\n<p>Aunque el <a href=\"https:\/\/www.plannedparenthood.org\/es\/temas-de-salud\/para-adolescentes\/sexo\" target=\"_blank\" rel=\"noopener\">sexo<\/a> puede ser complicado, hay cosas que siempre deben ser simples y claras:<\/p>\n<ul>\n<li>Debe ser algo que ambos quieren hacer<\/li>\n<li>Debe ser seguro fisicamente y emocionalmente<\/li>\n<li>Debe <a href=\"http:\/\/www.quierosaber.org\/la-salud-sexual\/el-placer-sexual.html\" target=\"_blank\" rel=\"noopener\">sentirse bien<\/a><\/li>\n<\/ul>\n<p>\u00bfEntonces, cu\u00e1l es la mejor manera de asegurarte de que tu salud sexual es s\u00f3lida? <a href=\"https:\/\/sexisdc.org\/es\/lets-talk\/\">\u00a1Habla!<\/a> Discute tus deseos con tus parejas sexuales, amigos, m\u00e9dicos, y adultos de confianza en tu vida.<\/p>\n<p>&nbsp;<\/p>\n<h2>\u00bfQu\u00e9 hay disponible aqu\u00ed en Washington, DC?<\/h2>\n<p>Washington, DC, tiene muchas cl\u00ednicas y centros excelentes que ofrecen servicios de salud. Si no tienes o no quieres usar tu seguro medico, hay lugares donde puedes ir.<\/p>\n<p>Washington, DC, tambi\u00e9n tiene <a href=\"https:\/\/doh.dc.gov\/sites\/default\/files\/dc\/sites\/doh\/service_content\/attachments\/SBHC%20Fact%20Sheet_edited_1.pdf\">centros de salud ubicado en las escuelas\u00a0<\/a>que brindan servicios de salud integral a los estudiantes inscritos en las siguientes escuelas secundarias: <strong>Anacostia, Ballou, Cardozo, Coolidge, Dunbar, Roosevelt, y H.D. Woodson<\/strong>. Los estudiantes mayores de 14 a\u00f1os pueden recibir servicios de salud sexual y mental gratuitos y confidenciales en estos lugares.<\/p>\n<p>\u00bfNo asistes a ninguna de estas escuelas o quieres ir a otro lugar? Revisa nuestro <a href=\"https:\/\/sexisdc.org\/es\/dc-health-finder\/\">Mapa de Recursos<\/a> de proveedores de salud sexual ideales para j\u00f3venes.<\/p>\n<p>&nbsp;<\/p>\n<h2>\u00bfD\u00f3nde puedo aprender m\u00e1s sobre anatom\u00eda sexual (mis partes \u00edntimas)?<\/h2>\n<p>La pagina web 216 Teens tiene ilustraci\u00f3nes de la anatom\u00eda sexual <a href=\"https:\/\/216teens.org\/es\/acerca-de-ti\/tu-cuerpo\/anatomia-femenina\/\" target=\"_blank\" rel=\"noopener\">femenina<\/a> y <a href=\"https:\/\/216teens.org\/es\/acerca-de-ti\/tu-cuerpo\/anatomia-masculina\/\" target=\"_blank\" rel=\"noopener\">masculina<\/a> y explica c\u00f3mo funciona cada \u00f3rgano.<\/p>\n<p>\u00bfTambien, savias que el sexo biol\u00f3gico no es solo masculino o femenino? Cerca del 1.5 % de la poblaci\u00f3n nace con caracter\u00edsticas <a href=\"https:\/\/www.plannedparenthood.org\/es\/temas-de-salud\/orientacion-sexual-y-genero\/genero-e-identidad-de-genero\/que-es-la-intersexualidad\" target=\"_blank\" rel=\"noopener\">intersexuales<\/a>.<\/p>\n<p><strong>\u00a0<\/strong><\/p>\n<p><strong>\u00a0<\/strong><\/p>\n<h2><\/h2>\n<p>&nbsp;<\/p>\n","protected":false},"excerpt":{"rendered":"<p>\u00bfEstoy list@ para esto? \u00bfSe debe sentir as\u00ed? \u00bfDebo visitar al m\u00e9dico? Todas estas preguntas tienen que ver con la salud sexual y es posible que te hagas estas \u00a0preguntas de vez en cuando. La salud sexual va m\u00e1s all\u00e1 de solo evitar un embarazo indeseado o Enfermedades de transmisi\u00f3n sexual (ETS).\u00a0Se trata de sentirte [&hellip;]<\/p>\n","protected":false},"author":1,"featured_media":0,"parent":0,"menu_order":0,"comment_status":"closed","ping_status":"closed","template":"","meta":{"footnotes":""},"class_list":["post-36","page","type-page","status-publish","hentry"],"_links":{"self":[{"href":"https:\/\/sexisdc.org\/es\/wp-json\/wp\/v2\/pages\/36","targetHints":{"allow":["GET"]}}],"collection":[{"href":"https:\/\/sexisdc.org\/es\/wp-json\/wp\/v2\/pages"}],"about":[{"href":"https:\/\/sexisdc.org\/es\/wp-json\/wp\/v2\/types\/page"}],"author":[{"embeddable":true,"href":"https:\/\/sexisdc.org\/es\/wp-json\/wp\/v2\/users\/1"}],"replies":[{"embeddable":true,"href":"https:\/\/sexisdc.org\/es\/wp-json\/wp\/v2\/comments?post=36"}],"version-history":[{"count":0,"href":"https:\/\/sexisdc.org\/es\/wp-json\/wp\/v2\/pages\/36\/revisions"}],"wp:attachment":[{"href":"https:\/\/sexisdc.org\/es\/wp-json\/wp\/v2\/media?parent=36"}],"curies":[{"name":"wp","href":"https:\/\/api.w.org\/{rel}","templated":true}]}}