{"id":32,"date":"2017-09-15T13:18:36","date_gmt":"2017-09-15T13:18:36","guid":{"rendered":"http:\/\/dohprod.wpengine.com\/?page_id=32"},"modified":"2019-02-14T14:29:00","modified_gmt":"2019-02-14T14:29:00","slug":"defining-me","status":"publish","type":"page","link":"https:\/\/sexisdc.org\/es\/defining-me\/","title":{"rendered":"Reconoci\u00e9ndome"},"content":{"rendered":"<h2>Qui\u00e9n soy? \u00bfHacia qui\u00e9n siento atracci\u00f3n? \u00bfC\u00f3mo me veo a m\u00ed mism@?<\/h2>\n<p>Si alguna de estas preguntas te resulta familiar, tu no est\u00e1s sol@. Cuando todo cambia tan r\u00e1pido (tu cuerpo, tus sentimientos, tus amistades y tus atracciones), la sexualidad puede ser un tema delicado. \u00bfC\u00f3mo puedo saber qu\u00e9 es qu\u00e9?<\/p>\n<p>La verdad es que&#8230; no hay una respuesta correcta. Algunas personas saben qu\u00e9 etiquetas les representan, a veces las personas cambian sus etiquetas, otros preguntan por qu\u00e9 necesitamos etiquetas en primer lugar, y muchos de nosotros todav\u00eda estamos averigu\u00e1ndolo. Definirte a t\u00ed mism@ puede ser un proceso que dure toda la vida, y eso est\u00e1 bien.<\/p>\n<p>&nbsp;<\/p>\n<h2>En cualquier caso, \u00bfqu\u00e9 es la sexualidad?<\/h2>\n<p>La sexualidad no solo se trata de <strong>tener sexo<\/strong>. Se trata de c\u00f3mo tu sexo biol\u00f3gico, identidad de g\u00e9nero, orientaci\u00f3n sexual, relaciones, presentaci\u00f3n y expresi\u00f3n de g\u00e9nero te convierte en lo que eres.<\/p>\n<p>Revisa el siguiente gr\u00e1fico sobre el espectro de identidad, orientaci\u00f3n, y m\u00e1s. Haz clic aqu\u00ed para acceder a tu <a href=\"https:\/\/sexisdc.org\/es\/dc-health-finder\/\" target=\"_blank\" rel=\"noopener\"><u>Centro de Ayuda<\/u><\/a> para encontrar respuestas a las preguntas m\u00e1s frecuentes.<\/p>\n<p><a href=\"https:\/\/sexisdc.org\/es\/defining-me\/doh-spectrum-graphic-spa-1-4_sp8-1\/\" rel=\"attachment wp-att-576\"><img loading=\"lazy\" decoding=\"async\" class=\"alignnone wp-image-576 size-full\" src=\"https:\/\/sexisdc.org\/wp-content\/uploads\/2019\/01\/DOH-Spectrum-Graphic-SPA-1.4_SP8-1.jpg\" alt=\"\" width=\"1945\" height=\"2389\" srcset=\"https:\/\/sexisdc.org\/wp-content\/uploads\/2019\/01\/DOH-Spectrum-Graphic-SPA-1.4_SP8-1.jpg 1945w, https:\/\/sexisdc.org\/wp-content\/uploads\/2019\/01\/DOH-Spectrum-Graphic-SPA-1.4_SP8-1-244x300.jpg 244w, https:\/\/sexisdc.org\/wp-content\/uploads\/2019\/01\/DOH-Spectrum-Graphic-SPA-1.4_SP8-1-768x943.jpg 768w, https:\/\/sexisdc.org\/wp-content\/uploads\/2019\/01\/DOH-Spectrum-Graphic-SPA-1.4_SP8-1-834x1024.jpg 834w\" sizes=\"auto, (max-width: 1945px) 100vw, 1945px\" \/><\/a><\/p>\n<h2>\u00bfC\u00f3mo puedo saber cu\u00e1l es mi sexualidad?<\/h2>\n<p>Explora qu\u00e9 te hace sentir bien. Divi\u00e9rtete y s\u00e9 amable con ti mism@ en el proceso. Y recuerda: siempre puedes pedir ayuda a un adulto de confianza.<\/p>\n<p>&nbsp;<\/p>\n<h2>\u00bfEst\u00e1s list@ para hablar sobre el tema?<\/h2>\n<p>Si est\u00e1s considerando hablar con alguien sobre tu orientaci\u00f3n sexual, identidad de g\u00e9nero, o c\u00f3mo definirte, aqu\u00ed te presentamos algunas herramientas para ayudar a iniciar la conversaci\u00f3n.<\/p>\n<ul>\n<li><a href=\"https:\/\/www.plannedparenthood.org\/es\/temas-de-salud\/para-adolescentes\/todo-sobre-sexo-genero-e-identidad-de-genero\" target=\"_blank\" rel=\"noopener\">Planned Parenthood: Todo sobre Sexo, G\u00e9nero e Identidad de G\u00e9nero<\/a><\/li>\n<li><a href=\"https:\/\/www.plannedparenthood.org\/es\/temas-de-salud\/orientacion-sexual-y-genero\/orientacion-sexual\" target=\"_blank\" rel=\"noopener\">Planned Parenthood: \u00bfQu\u00e9 es la orientaci\u00f3n sexual?<\/a><\/li>\n<\/ul>\n<p>&nbsp;<\/p>\n<h2>\u00bfD\u00f3nde puedo encontrar m\u00e1s recursos en Washington, DC?<\/h2>\n<p>Washington, DC es el hogar de muchas <a href=\"https:\/\/www.plannedparenthood.org\/es\/temas-de-salud\/para-adolescentes\/lgbtq\" target=\"_blank\" rel=\"noopener\">organizaciones que brindan apoyo a los j\u00f3venes<\/a>. Visita a <a href=\"https:\/\/sexisdc.org\/es\/dc-health-finder\/\" target=\"_blank\" rel=\"noopener\">nuestro localizador de atenci\u00f3n m\u00e9dica<\/a> para descubrirlas. Tambi\u00e9n, revisa nuestra p\u00e1gina <a href=\"https:\/\/sexisdc.org\/es\/speak-up\/\" target=\"_blank\" rel=\"noopener\">levanta tu voz<\/a> para aprender m\u00e1s sobre tus derechos, incluyendo las leyes de identificaci\u00f3n en Washington, DC.<\/p>\n","protected":false},"excerpt":{"rendered":"<p>Qui\u00e9n soy? \u00bfHacia qui\u00e9n siento atracci\u00f3n? \u00bfC\u00f3mo me veo a m\u00ed mism@? Si alguna de estas preguntas te resulta familiar, tu no est\u00e1s sol@. Cuando todo cambia tan r\u00e1pido (tu cuerpo, tus sentimientos, tus amistades y tus atracciones), la sexualidad puede ser un tema delicado. \u00bfC\u00f3mo puedo saber qu\u00e9 es qu\u00e9? La verdad es que&#8230; [&hellip;]<\/p>\n","protected":false},"author":1,"featured_media":0,"parent":0,"menu_order":0,"comment_status":"closed","ping_status":"closed","template":"","meta":{"footnotes":""},"class_list":["post-32","page","type-page","status-publish","hentry"],"_links":{"self":[{"href":"https:\/\/sexisdc.org\/es\/wp-json\/wp\/v2\/pages\/32","targetHints":{"allow":["GET"]}}],"collection":[{"href":"https:\/\/sexisdc.org\/es\/wp-json\/wp\/v2\/pages"}],"about":[{"href":"https:\/\/sexisdc.org\/es\/wp-json\/wp\/v2\/types\/page"}],"author":[{"embeddable":true,"href":"https:\/\/sexisdc.org\/es\/wp-json\/wp\/v2\/users\/1"}],"replies":[{"embeddable":true,"href":"https:\/\/sexisdc.org\/es\/wp-json\/wp\/v2\/comments?post=32"}],"version-history":[{"count":0,"href":"https:\/\/sexisdc.org\/es\/wp-json\/wp\/v2\/pages\/32\/revisions"}],"wp:attachment":[{"href":"https:\/\/sexisdc.org\/es\/wp-json\/wp\/v2\/media?parent=32"}],"curies":[{"name":"wp","href":"https:\/\/api.w.org\/{rel}","templated":true}]}}